{"id":28,"date":"2017-02-06T12:56:00","date_gmt":"2017-02-06T12:56:00","guid":{"rendered":"http:\/\/themes.uxbarn.com\/wp\/enso-dummy\/?page_id=28"},"modified":"2020-11-30T22:43:10","modified_gmt":"2020-11-30T21:43:10","slug":"about","status":"publish","type":"page","link":"https:\/\/skikeakademia.pl\/ewa-charmuszko\/about\/","title":{"rendered":"About"},"content":{"rendered":"<h2>Ewa Charmuszko<\/h2>\n<div><\/div>\n<div><span id=\"wb_uid3\"><span>She was born in 1981 in Warsaw. Graduated from the Academy of Fine Arts <span id=\"wb_uid4\">in Warsaw. <\/span><\/span><\/span><span id=\"wb_uid3\">She is a painter thanks to graphic design and a designer thanks to painting. <\/span><span id=\"wb_uid4\">Works in Warsaw. She belongs to the artistic group &#8211; the Hoover Group and to the Association of Polish Artists and Designers.<\/span><\/div>\n<h4><\/h4>\n<h4>Solo exhibitions<\/h4>\n<p>2010 Naprawd\u0119 nie dzieje si\u0119 nic<br \/>\n<em>malarstwo, fotografia i rysunek \/ Galeria Lufcik DAP, Warszawa<\/em><br \/>\n2005 Inspiracje<br \/>\n<em>malarstwo i fotografia \/ Podziemie Kamedulskie, Warszawa<\/em><br \/>\n2005 Inspiracje &#8211; wystawa dyplomowa<br \/>\n<em>malarstwo, grafika, fotografia \/ Galeria Domu Wojska Polskiego, Warszawa<\/em><br \/>\n2004 Maski<br \/>\n<em>malarstwo, grafika, rysunek \/ galeria Ateneum M\u0142odych, Warszawa<\/em><br \/>\n2004 Wystawa grafik \/ Akademia Muzyczna, Warszawa<\/p>\n<h4>Collective exhibitions<\/h4>\n<p>2012 Dobry wiecz\u00f3r, Warszawo! \/ Grupa HOOVERA \/ Galeria DAP II, Warszawa<br \/>\n2012 Abstrakcja w malarstwie \/ Galeria Lufcik, Warszawa<br \/>\n2012 Aktualno\u015bci \/ Galeria DAP I, Warszawa<br \/>\n2012 Grupa HOOVERA \/ Galeria DAP II, Warszawa<br \/>\n2011 Grupa HOOVERA \/ Galeria Van Golik<br \/>\n2011 Grupa HOOVERA \/ Galeria DAP II, Warszawa<br \/>\n2010 Pracownie Warszawskie \/ Grupa HOOVERA \/ InfoQultura, Warszawa<br \/>\n2009 Grupa HOOVERA \/ Praskie Centrum Kultury, Warszawa<br \/>\n2007 Grupa Flogiston \/ Galeria 0 &#8211; 22, Warszawa<br \/>\n2007 M\u0142odzi w Okr\u0119gu Warszawskim ZPAP \/ Galeria Lufcik<br \/>\n2007 Dni Wola Art \/ Warszawa<br \/>\n2006 Oblicza sztuki &#8211; Barwy Bielan \/ Biblioteka Publiczna im. Stanis\u0142awa Staszica, Warszawa<br \/>\n2005 Fotofestiwal &#8211; the 4th international festival of photography in Lodz,<br \/>\n2005 Mi\u0119dzynarodowy Festiwal Fotografii \/ \u0141\u00f3d\u017a<br \/>\n2005 Wystawa malarstwa \/ galeria Tamka, Warszawa<br \/>\n2004 Grab @ttention \/ Centrum Sztuki Wsp\u00f3\u0142czesnej, Warszawa<\/p>\n","protected":false},"excerpt":{"rendered":"<p>Ewa Charmuszko She was born in 1981 in Warsaw. Graduated from the Academy of Fine Arts in Warsaw. She is a painter thanks to graphic design and a designer thanks to painting. Works in Warsaw. She belongs to the artistic group &#8211; the Hoover Group and to the Association of Polish Artists and Designers. Solo exhibitions 2010 Naprawd\u0119 nie dzieje si\u0119 nic malarstwo, fotografia i rysunek \/ Galeria Lufcik DAP, Warszawa 2005 Inspiracje malarstwo i fotografia \/ Podziemie Kamedulskie, Warszawa 2005 Inspiracje &#8211; wystawa dyplomowa malarstwo, grafika, fotografia \/ Galeria Domu Wojska Polskiego, Warszawa 2004 Maski malarstwo, grafika, rysunek \/ galeria Ateneum M\u0142odych, Warszawa 2004 Wystawa grafik \/ Akademia Muzyczna, Warszawa Collective exhibitions 2012 Dobry wiecz\u00f3r, Warszawo! \/ Grupa HOOVERA \/ Galeria DAP II, Warszawa 2012 Abstrakcja w malarstwie \/ Galeria Lufcik, Warszawa 2012 Aktualno\u015bci \/ Galeria DAP I, Warszawa 2012 Grupa HOOVERA \/ Galeria DAP II, Warszawa 2011 Grupa HOOVERA \/ Galeria Van Golik 2011 Grupa HOOVERA \/ Galeria DAP II, Warszawa 2010 Pracownie Warszawskie \/ Grupa HOOVERA \/ InfoQultura, Warszawa 2009 Grupa HOOVERA \/ Praskie Centrum Kultury, Warszawa 2007 Grupa Flogiston \/ Galeria 0 &#8211; 22, Warszawa 2007 M\u0142odzi w Okr\u0119gu Warszawskim ZPAP \/ Galeria Lufcik 2007 Dni Wola Art \/ Warszawa 2006 Oblicza sztuki &#8211; Barwy Bielan \/ Biblioteka Publiczna im. Stanis\u0142awa Staszica, Warszawa 2005 Fotofestiwal &#8211; the 4th international festival of photography in Lodz, 2005 Mi\u0119dzynarodowy Festiwal Fotografii \/ \u0141\u00f3d\u017a 2005 Wystawa malarstwa \/ galeria Tamka, Warszawa 2004 Grab @ttention \/ Centrum Sztuki Wsp\u00f3\u0142czesnej, Warszawa<\/p>\n","protected":false},"author":2,"featured_media":0,"parent":0,"menu_order":0,"comment_status":"closed","ping_status":"closed","template":"","meta":[],"_links":{"self":[{"href":"https:\/\/skikeakademia.pl\/ewa-charmuszko\/wp-json\/wp\/v2\/pages\/28"}],"collection":[{"href":"https:\/\/skikeakademia.pl\/ewa-charmuszko\/wp-json\/wp\/v2\/pages"}],"about":[{"href":"https:\/\/skikeakademia.pl\/ewa-charmuszko\/wp-json\/wp\/v2\/types\/page"}],"author":[{"embeddable":true,"href":"https:\/\/skikeakademia.pl\/ewa-charmuszko\/wp-json\/wp\/v2\/users\/2"}],"replies":[{"embeddable":true,"href":"https:\/\/skikeakademia.pl\/ewa-charmuszko\/wp-json\/wp\/v2\/comments?post=28"}],"version-history":[{"count":9,"href":"https:\/\/skikeakademia.pl\/ewa-charmuszko\/wp-json\/wp\/v2\/pages\/28\/revisions"}],"predecessor-version":[{"id":677,"href":"https:\/\/skikeakademia.pl\/ewa-charmuszko\/wp-json\/wp\/v2\/pages\/28\/revisions\/677"}],"wp:attachment":[{"href":"https:\/\/skikeakademia.pl\/ewa-charmuszko\/wp-json\/wp\/v2\/media?parent=28"}],"curies":[{"name":"wp","href":"https:\/\/api.w.org\/{rel}","templated":true}]}}